{"id":327,"date":"2017-06-24T03:31:36","date_gmt":"2017-06-24T03:31:36","guid":{"rendered":"http:\/\/warethemes.com\/wordpress\/bakery\/?page_id=327"},"modified":"2024-07-28T15:03:53","modified_gmt":"2024-07-28T14:03:53","slug":"home-page","status":"publish","type":"page","link":"https:\/\/sweet-time.ma\/","title":{"rendered":"home page"},"content":{"rendered":"<p>[vc_row][vc_column el_class=\u00a0\u00bbps-banner&#8211;home-1&Prime;]\n\t\t\t<!-- START Home #14 REVOLUTION SLIDER 6.5.4 --><p class=\"rs-p-wp-fix\"><\/p>\n\t\t\t<rs-module-wrap id=\"rev_slider_7_1_wrapper\" data-source=\"gallery\" style=\"visibility:hidden;background:transparent;padding:0;margin:0px auto;margin-top:0;margin-bottom:0;\">\n\t\t\t\t<rs-module id=\"rev_slider_7_1\" style=\"\" data-version=\"6.5.4\">\n\t\t\t\t\t<rs-slides>\n\t\t\t\t\t\t<rs-slide data-key=\"rs-13\" data-title=\"Slide\" data-anim=\"e:slidingoverlay;ms:900;\" data-in=\"o:0;y:-100%;e:expo.out;\" data-out=\"e:elastic.out;\">\n\t\t\t\t\t\t\t<img loading=\"lazy\" decoding=\"async\" src=\"\/\/sweet-time.ma\/wp-content\/plugins\/revslider\/public\/assets\/assets\/dummy.png\" alt=\"bakery wordpress theme\" title=\"cake \" width=\"2560\" height=\"1707\" class=\"rev-slidebg tp-rs-img rs-lazyload\" data-lazyload=\"\/\/sweet-time.ma\/wp-content\/uploads\/revslider\/home-1\/image1.jpg\" data-parallax=\"7\" data-panzoom=\"d:40000;ss:100;se:150;rs:1;re:2;\" data-no-retina>\n<!--\n\t\t\t\t\t\t\t--><rs-layer\n\t\t\t\t\t\t\t\tid=\"slider-7-slide-13-layer-1\" \n\t\t\t\t\t\t\t\tclass=\"Big-Title\"\n\t\t\t\t\t\t\t\tdata-type=\"text\"\n\t\t\t\t\t\t\t\tdata-color=\"#fff\"\n\t\t\t\t\t\t\t\tdata-rsp_ch=\"on\"\n\t\t\t\t\t\t\t\tdata-xy=\"x:c;xo:-1px,0,0,0;y:m;yo:-90px,-74px,-56px,-34px;\"\n\t\t\t\t\t\t\t\tdata-text=\"s:75,61,46,28;l:85,70,53,32;ls:2,1,0,0;a:inherit;\"\n\t\t\t\t\t\t\t\tdata-dim=\"minh:0,none,none,none;\"\n\t\t\t\t\t\t\t\tdata-frame_0=\"y:-115px,-94px,-71px,-43px;\"\n\t\t\t\t\t\t\t\tdata-frame_1=\"e:expo.out;st:400;sp:1200;sR:400;\"\n\t\t\t\t\t\t\t\tdata-frame_999=\"y:-115px,-94px,-71px,-43px;o:0;e:easeOutExpo;st:w;sp:1200;sR:3400;\"\n\t\t\t\t\t\t\t\tstyle=\"z-index:5;font-family:Indie Flower;\"\n\t\t\t\t\t\t\t><rs-bg-elem style=\"position:absolute; top:0px;left:0px;\"><\/rs-bg-elem>\nSweet Time \n\t\t\t\t\t\t\t<\/rs-layer><!--\n\n\t\t\t\t\t\t\t--><p\n\t\t\t\t\t\t\t\tid=\"slider-7-slide-13-layer-2\" \n\t\t\t\t\t\t\t\tclass=\"rs-layer\"\n\t\t\t\t\t\t\t\tdata-type=\"text\"\n\t\t\t\t\t\t\t\tdata-color=\"#ffffff||#ffffff||#ffffff||#4e3939\"\n\t\t\t\t\t\t\t\tdata-rsp_ch=\"on\"\n\t\t\t\t\t\t\t\tdata-xy=\"x:c;y:m;yo:0,0,0,-24px;\"\n\t\t\t\t\t\t\t\tdata-text=\"s:16,16,16,10;l:28;a:center;\"\n\t\t\t\t\t\t\t\tdata-frame_0=\"y:50px;\"\n\t\t\t\t\t\t\t\tdata-frame_1=\"e:expo.out;st:700;sp:1200;sR:700;\"\n\t\t\t\t\t\t\t\tdata-frame_999=\"y:-50px;o:0;e:nothing;st:w;sp:1200;sR:3100;\"\n\t\t\t\t\t\t\t\tstyle=\"z-index:6;font-family:Varela Round;\"\n\t\t\t\t\t\t\t><rs-bg-elem style=\"position:absolute; top:0px;left:0px;\"><\/rs-bg-elem>\n<font color=\"#ffffff\" size=\"5\">Votre Cr\u00eaperie pr\u00e9f\u00e9r\u00e9e \u00e0 F\u00e8s.<br><br><\/font>\n<b><font color=\"#f7adda\" size=\"6\">Have a Sweet Time with us !<\/b><\/font> \n\t\t\t\t\t\t\t<\/p><!--\n-->\t\t\t\t\t\t<\/rs-slide>\n\t\t\t\t\t<\/rs-slides>\n\t\t\t\t<\/rs-module>\n\t\t\t\t<script type=\"text\/javascript\">\n\t\t\t\t\tsetREVStartSize({c: 'rev_slider_7_1',rl:[1240,1024,778,480],el:[650,768,960,720],gw:[1240,1024,778,480],gh:[650,768,960,720],type:'standard',justify:'',layout:'fullwidth',mh:\"0\"});\n\t\t\t\t<\/script>\n\t\t\t<\/rs-module-wrap>\n\t\t\t<!-- END REVOLUTION SLIDER -->\n\t\t\t<div class=\"ps-section__header text-center\">\n\t            \t            <h3 class=\"ps-section__title ps-section__title--full\">Nos Pancakes<\/h3>\t        <\/div>\n\t\t\t[\/vc_column][\/vc_row][vc_row content_placement=\u00a0\u00bbmiddle\u00a0\u00bb][vc_column][vc_btn title=\u00a0\u00bbTelecharger le menu\u00a0\u00bb style=\u00a0\u00bb3d\u00a0\u00bb color=\u00a0\u00bbpink\u00a0\u00bb align=\u00a0\u00bbcenter\u00a0\u00bb i_icon_fontawesome=\u00a0\u00bbfas fa-file-pdf\u00a0\u00bb css_animation=\u00a0\u00bblightSpeedIn\u00a0\u00bb add_icon=\u00a0\u00bbtrue\u00a0\u00bb link=\u00a0\u00bburl:https%3A%2F%2Fsweet-time.ma%2Fwp-content%2Fuploads%2F2024%2F07%2Fmenu-sweet-time-online.pdf|title:Menu%20Sweet%20Time|rel:nofollow\u00a0\u00bb][\/vc_column][\/vc_row][vc_row][vc_column offset=\u00a0\u00bbvc_col-lg-offset-0 vc_col-lg-12 vc_col-md-offset-0 vc_col-md-12 vc_col-sm-offset-0&Prime;][vc_raw_html]JTVCZm9vZG1lbnUlMjBpZCUzRCUyMjQxNDIlMjIlMjB0aXRsZSUzRCUyMk1lbnUlMjIlNUQ=[\/vc_raw_html][\/vc_column][\/vc_row][vc_row][vc_column][vc_gmaps link=\u00a0\u00bb#E-8_JTNDaWZyYW1lJTIwc3JjJTNEJTIyaHR0cHMlM0ElMkYlMkZ3d3cuZ29vZ2xlLmNvbSUyRm1hcHMlMkZlbWJlZCUzRnBiJTNEJTIxMW0xOCUyMTFtMTIlMjExbTMlMjExZDMzMDcuNjQxNDc5NDk1NDU2JTIxMmQtNS4wMTUzMzExMjM3MjMyOCUyMTNkMzQuMDAxNzQxNTIwMzk0MzUlMjEybTMlMjExZjAlMjEyZjAlMjEzZjAlMjEzbTIlMjExaTEwMjQlMjEyaTc2OCUyMTRmMTMuMSUyMTNtMyUyMTFtMiUyMTFzMHhkOWY4YjQwOTMzYTQwYWIlMjUzQTB4ZmIyNGYyYWNhYzQyMDIzMiUyMTJzU3dlZXQlMjUyMFRpbWUlMjE1ZTAlMjEzbTIlMjExc2ZyJTIxMnNmciUyMTR2MTY5MjU2NjkyMjI2NCUyMTVtMiUyMTFzZnIlMjEyc2ZyJTIyJTIwd2lkdGglM0QlMjI2MDAlMjIlMjBoZWlnaHQlM0QlMjI0NTAlMjIlMjBzdHlsZSUzRCUyMmJvcmRlciUzQTAlM0IlMjIlMjBhbGxvd2Z1bGxzY3JlZW4lM0QlMjIlMjIlMjBsb2FkaW5nJTNEJTIybGF6eSUyMiUyMHJlZmVycmVycG9saWN5JTNEJTIybm8tcmVmZXJyZXItd2hlbi1kb3duZ3JhZGUlMjIlM0UlM0MlMkZpZnJhbWUlM0U=\u00a0\u00bb][\/vc_column][\/vc_row]<\/p>\n","protected":false},"excerpt":{"rendered":"<p>[vc_row][vc_column el_class=\u00a0\u00bbps-banner&#8211;home-1&Prime;][\/vc_column][\/vc_row][vc_row content_placement=\u00a0\u00bbmiddle\u00a0\u00bb][vc_column][vc_btn title=\u00a0\u00bbTelecharger le menu\u00a0\u00bb style=\u00a0\u00bb3d\u00a0\u00bb color=\u00a0\u00bbpink\u00a0\u00bb align=\u00a0\u00bbcenter\u00a0\u00bb i_icon_fontawesome=\u00a0\u00bbfas fa-file-pdf\u00a0\u00bb css_animation=\u00a0\u00bblightSpeedIn\u00a0\u00bb add_icon=\u00a0\u00bbtrue\u00a0\u00bb link=\u00a0\u00bburl:https%3A%2F%2Fsweet-time.ma%2Fwp-content%2Fuploads%2F2024%2F07%2Fmenu-sweet-time-online.pdf|title:Menu%20Sweet%20Time|rel:nofollow\u00a0\u00bb][\/vc_column][\/vc_row][vc_row][vc_column offset=\u00a0\u00bbvc_col-lg-offset-0 vc_col-lg-12 vc_col-md-offset-0 vc_col-md-12 vc_col-sm-offset-0&Prime;][vc_raw_html]JTVCZm9vZG1lbnUlMjBpZCUzRCUyMjQxNDIlMjIlMjB0aXRsZSUzRCUyMk1lbnUlMjIlNUQ=[\/vc_raw_html][\/vc_column][\/vc_row][vc_row][vc_column][vc_gmaps link=\u00a0\u00bb#E-8_JTNDaWZyYW1lJTIwc3JjJTNEJTIyaHR0cHMlM0ElMkYlMkZ3d3cuZ29vZ2xlLmNvbSUyRm1hcHMlMkZlbWJlZCUzRnBiJTNEJTIxMW0xOCUyMTFtMTIlMjExbTMlMjExZDMzMDcuNjQxNDc5NDk1NDU2JTIxMmQtNS4wMTUzMzExMjM3MjMyOCUyMTNkMzQuMDAxNzQxNTIwMzk0MzUlMjEybTMlMjExZjAlMjEyZjAlMjEzZjAlMjEzbTIlMjExaTEwMjQlMjEyaTc2OCUyMTRmMTMuMSUyMTNtMyUyMTFtMiUyMTFzMHhkOWY4YjQwOTMzYTQwYWIlMjUzQTB4ZmIyNGYyYWNhYzQyMDIzMiUyMTJzU3dlZXQlMjUyMFRpbWUlMjE1ZTAlMjEzbTIlMjExc2ZyJTIxMnNmciUyMTR2MTY5MjU2NjkyMjI2NCUyMTVtMiUyMTFzZnIlMjEyc2ZyJTIyJTIwd2lkdGglM0QlMjI2MDAlMjIlMjBoZWlnaHQlM0QlMjI0NTAlMjIlMjBzdHlsZSUzRCUyMmJvcmRlciUzQTAlM0IlMjIlMjBhbGxvd2Z1bGxzY3JlZW4lM0QlMjIlMjIlMjBsb2FkaW5nJTNEJTIybGF6eSUyMiUyMHJlZmVycmVycG9saWN5JTNEJTIybm8tcmVmZXJyZXItd2hlbi1kb3duZ3JhZGUlMjIlM0UlM0MlMkZpZnJhbWUlM0U=\u00a0\u00bb][\/vc_column][\/vc_row]<\/p>\n","protected":false},"author":1,"featured_media":4086,"parent":0,"menu_order":0,"comment_status":"closed","ping_status":"closed","template":"page-templates\/full-width.php","meta":{"_monsterinsights_skip_tracking":false,"_monsterinsights_sitenote_active":false,"_monsterinsights_sitenote_note":"","_monsterinsights_sitenote_category":0,"footnotes":""},"class_list":["post-327","page","type-page","status-publish","has-post-thumbnail","hentry"],"_links":{"self":[{"href":"https:\/\/sweet-time.ma\/index.php\/wp-json\/wp\/v2\/pages\/327","targetHints":{"allow":["GET"]}}],"collection":[{"href":"https:\/\/sweet-time.ma\/index.php\/wp-json\/wp\/v2\/pages"}],"about":[{"href":"https:\/\/sweet-time.ma\/index.php\/wp-json\/wp\/v2\/types\/page"}],"author":[{"embeddable":true,"href":"https:\/\/sweet-time.ma\/index.php\/wp-json\/wp\/v2\/users\/1"}],"replies":[{"embeddable":true,"href":"https:\/\/sweet-time.ma\/index.php\/wp-json\/wp\/v2\/comments?post=327"}],"version-history":[{"count":39,"href":"https:\/\/sweet-time.ma\/index.php\/wp-json\/wp\/v2\/pages\/327\/revisions"}],"predecessor-version":[{"id":4384,"href":"https:\/\/sweet-time.ma\/index.php\/wp-json\/wp\/v2\/pages\/327\/revisions\/4384"}],"wp:featuredmedia":[{"embeddable":true,"href":"https:\/\/sweet-time.ma\/index.php\/wp-json\/wp\/v2\/media\/4086"}],"wp:attachment":[{"href":"https:\/\/sweet-time.ma\/index.php\/wp-json\/wp\/v2\/media?parent=327"}],"curies":[{"name":"wp","href":"https:\/\/api.w.org\/{rel}","templated":true}]}}